{"id":657,"date":"2024-03-26T18:18:48","date_gmt":"2024-03-26T18:18:48","guid":{"rendered":"https:\/\/humandiagnost.com\/?post_type=product&#038;p=657"},"modified":"2024-04-15T17:32:31","modified_gmt":"2024-04-15T17:32:31","slug":"besprechung-anamnese-therapieempfehlung-und-beratung","status":"publish","type":"product","link":"https:\/\/humandiagnost.com\/de\/product\/besprechung-anamnese-therapieempfehlung-und-beratung\/","title":{"rendered":"Besprechung, Anamnese, Therapieempfehlung und Beratung"},"content":{"rendered":"<p>-Besprechung, Anamnese und Beratung per Videokonferenz (Zoom; Skype) oder Telefon (Dauer ca. 60 Minuten)<\/p>\n<p>-\u00dcberpr\u00fcfung und Bewertung der Befunde<\/p>\n<p>-Zusammenfassung und Erkl\u00e4rung der aktuellen Unterlagen in Verbindung mit Ihrem Gesundheitszustand<\/p>\n<p>-M\u00f6gliche Empfehlung f\u00fcr weitere Untersuchungen, ein Folgetermin ist inbegriffen.\u00a0<\/p>\n<p>-Komplexe Therapieempfehlung<\/p>\n<p>-Empfehlung von prophylaktischer Ma\u00dfnahmen<\/p>\n","protected":false},"excerpt":{"rendered":"<p>-Besprechung, Anamnese und Beratung per Videokonferenz (Zoom; Skype) oder Telefon (Dauer ca. 60 Minuten) -\u00dcberpr\u00fcfung und Bewertung der Befunde -Zusammenfassung und Erkl\u00e4rung der aktuellen Unterlagen in Verbindung mit Ihrem Gesundheitszustand -M\u00f6gliche Empfehlung f\u00fcr weitere Untersuchungen, ein Folgetermin ist inbegriffen.\u00a0 -Komplexe Therapieempfehlung -Empfehlung von prophylaktischer Ma\u00dfnahmen<\/p>\n","protected":false},"featured_media":654,"template":"","meta":[],"product_cat":[15],"product_tag":[],"translation":{"provider":"WPGlobus","version":"2.10.10","language":"de","enabled_languages":["en","de"],"languages":{"en":{"title":true,"content":true,"excerpt":false},"de":{"title":true,"content":true,"excerpt":false}}},"acf":[],"_links":{"self":[{"href":"https:\/\/humandiagnost.com\/de\/wp-json\/wp\/v2\/product\/657"}],"collection":[{"href":"https:\/\/humandiagnost.com\/de\/wp-json\/wp\/v2\/product"}],"about":[{"href":"https:\/\/humandiagnost.com\/de\/wp-json\/wp\/v2\/types\/product"}],"wp:featuredmedia":[{"embeddable":true,"href":"https:\/\/humandiagnost.com\/de\/wp-json\/wp\/v2\/media\/654"}],"wp:attachment":[{"href":"https:\/\/humandiagnost.com\/de\/wp-json\/wp\/v2\/media?parent=657"}],"wp:term":[{"taxonomy":"product_cat","embeddable":true,"href":"https:\/\/humandiagnost.com\/de\/wp-json\/wp\/v2\/product_cat?post=657"},{"taxonomy":"product_tag","embeddable":true,"href":"https:\/\/humandiagnost.com\/de\/wp-json\/wp\/v2\/product_tag?post=657"}],"curies":[{"name":"wp","href":"https:\/\/api.w.org\/{rel}","templated":true}]}}