{"id":353,"date":"2023-07-02T13:01:13","date_gmt":"2023-07-02T13:01:13","guid":{"rendered":"http:\/\/humandiagnost.de\/?page_id=353"},"modified":"2024-12-08T12:04:33","modified_gmt":"2024-12-08T12:04:33","slug":"impressum","status":"publish","type":"page","link":"https:\/\/humandiagnost.com\/de\/impressum\/","title":{"rendered":"Impressum"},"content":{"rendered":"<p><strong>Verantwortlich:<\/strong><br \/>\nMihail Pruteanu, Arzt\/Physician<\/p>\n<p>Kontakt:<br \/>\nTel.: +49 (0) 1590\/1021003<br \/>\nE-Mail: info@humandiagnost.com<\/p>\n<p>Gesetzliche Berufsbezeichnung: Arzt \u2013 verliehen in der Bundesrepublik Deutschland.<\/p>\n<p><strong>\u00c4rztekammer:<\/strong><br \/>\nBayrische Landes\u00e4rztekammer<br \/>\nM\u00fchlbaurstra\u00dfe 16<br \/>\n81677 M\u00fcnchen<br \/>\nwww.blaek.de<\/p>\n<p>Plattform der EU-Kommission zur Online-Streitbeilegung:\u00a0https:\/\/ec.europa.eu\/odr<\/p>\n<p>Wir sind zur Teilnahme an einem Streitbeilegungsverfahren vor einer Verbraucherschlichtungsstelle weder verpflichtet noch bereit.<\/p>\n","protected":false},"excerpt":{"rendered":"<p>Verantwortlich: Mihail Pruteanu, Arzt\/Physician Kontakt: Tel.: +49 (0) 1590\/1021003 E-Mail: info@humandiagnost.com Gesetzliche Berufsbezeichnung: Arzt \u2013 verliehen in der Bundesrepublik Deutschland. \u00c4rztekammer: Bayrische Landes\u00e4rztekammer M\u00fchlbaurstra\u00dfe 16 81677 M\u00fcnchen www.blaek.de Plattform der EU-Kommission zur Online-Streitbeilegung:\u00a0https:\/\/ec.europa.eu\/odr Wir sind zur Teilnahme an einem Streitbeilegungsverfahren vor einer Verbraucherschlichtungsstelle weder verpflichtet noch bereit.<\/p>\n","protected":false},"author":1,"featured_media":0,"parent":0,"menu_order":0,"comment_status":"closed","ping_status":"closed","template":"page-privacy.php","meta":{"footnotes":""},"translation":{"provider":"WPGlobus","version":"2.10.10","language":"de","enabled_languages":["en","de"],"languages":{"en":{"title":true,"content":true,"excerpt":false},"de":{"title":true,"content":true,"excerpt":false}}},"acf":[],"_links":{"self":[{"href":"https:\/\/humandiagnost.com\/de\/wp-json\/wp\/v2\/pages\/353"}],"collection":[{"href":"https:\/\/humandiagnost.com\/de\/wp-json\/wp\/v2\/pages"}],"about":[{"href":"https:\/\/humandiagnost.com\/de\/wp-json\/wp\/v2\/types\/page"}],"author":[{"embeddable":true,"href":"https:\/\/humandiagnost.com\/de\/wp-json\/wp\/v2\/users\/1"}],"replies":[{"embeddable":true,"href":"https:\/\/humandiagnost.com\/de\/wp-json\/wp\/v2\/comments?post=353"}],"version-history":[{"count":3,"href":"https:\/\/humandiagnost.com\/de\/wp-json\/wp\/v2\/pages\/353\/revisions"}],"predecessor-version":[{"id":962,"href":"https:\/\/humandiagnost.com\/de\/wp-json\/wp\/v2\/pages\/353\/revisions\/962"}],"wp:attachment":[{"href":"https:\/\/humandiagnost.com\/de\/wp-json\/wp\/v2\/media?parent=353"}],"curies":[{"name":"wp","href":"https:\/\/api.w.org\/{rel}","templated":true}]}}